{"id":3282,"date":"2022-08-16T02:11:41","date_gmt":"2022-08-16T02:11:41","guid":{"rendered":"https:\/\/orthoduplateau.com\/appointment\/"},"modified":"2022-09-08T20:03:18","modified_gmt":"2022-09-08T20:03:18","slug":"appointment","status":"publish","type":"page","link":"https:\/\/orthoduplateau.com\/en\/appointment\/","title":{"rendered":"Appointment"},"content":{"rendered":"<section id=\"bt_bb_section69e5547a68f0c\" class=\"bt_bb_section bt_bb_layout_boxed_1200\"  data-bt-override-class=\"null\"><div class=\"bt_bb_port\"><div class=\"bt_bb_cell\"><div class=\"bt_bb_cell_inner\"><div class=\"bt_bb_row_wrapper\"><div  class=\"bt_bb_row\"  data-bt-override-class=\"{}\"><div  class=\"bt_bb_column col-xxl-12 col-xl-12 col-xs-12 col-sm-12 col-md-12 col-lg-12 bt_bb_vertical_align_top bt_bb_align_left bt_bb_padding_normal\"  data-width=\"12\" data-bt-override-class=\"{}\"><div class=\"bt_bb_column_content\"><div class=\"bt_bb_separator bt_bb_border_style_none bt_bb_top_spacing_none bt_bb_bottom_spacing_medium\" data-bt-override-class=\"{&quot;bt_bb_top_spacing_&quot;:{&quot;current_class&quot;:&quot;bt_bb_top_spacing_none&quot;,&quot;xxl&quot;:&quot;none&quot;,&quot;xl&quot;:&quot;none&quot;},&quot;bt_bb_bottom_spacing_&quot;:{&quot;current_class&quot;:&quot;bt_bb_bottom_spacing_medium&quot;,&quot;xxl&quot;:&quot;medium&quot;,&quot;xl&quot;:&quot;medium&quot;}}\"><\/div><header class=\"bt_bb_headline bt_bb_dash_none bt_bb_size_inherit bt_bb_align_inherit bt_bb_dash_type_none\" style=\";color:rgb(122,191,179);border-color:rgb(122,191,179);\" data-bt-override-class=\"{&quot;bt_bb_size_&quot;:{&quot;current_class&quot;:&quot;bt_bb_size_inherit&quot;,&quot;xxl&quot;:&quot;inherit&quot;,&quot;xl&quot;:&quot;inherit&quot;},&quot;bt_bb_align_&quot;:{&quot;current_class&quot;:&quot;bt_bb_align_inherit&quot;,&quot;xxl&quot;:&quot;inherit&quot;,&quot;xl&quot;:&quot;inherit&quot;}}\"><h1 class=\"bt_bb_headline_tag\"><span class=\"bt_bb_headline_content\"><span>Form | Make an appointment<\/span><\/span><\/h1><\/header><div class=\"bt_bb_separator bt_bb_border_style_none bt_bb_top_spacing_none bt_bb_bottom_spacing_small\" data-bt-override-class=\"{&quot;bt_bb_top_spacing_&quot;:{&quot;current_class&quot;:&quot;bt_bb_top_spacing_none&quot;,&quot;xxl&quot;:&quot;none&quot;,&quot;xl&quot;:&quot;none&quot;},&quot;bt_bb_bottom_spacing_&quot;:{&quot;current_class&quot;:&quot;bt_bb_bottom_spacing_small&quot;,&quot;xxl&quot;:&quot;small&quot;,&quot;xl&quot;:&quot;small&quot;}}\"><\/div><div  class=\"bt_bb_text\" style=\"font-size: 18px\"><p><strong>No referral required.<\/strong><\/p>\n<\/div><div class=\"bt_bb_separator bt_bb_border_style_none bt_bb_top_spacing_none bt_bb_bottom_spacing_small\" data-bt-override-class=\"{&quot;bt_bb_top_spacing_&quot;:{&quot;current_class&quot;:&quot;bt_bb_top_spacing_none&quot;,&quot;xxl&quot;:&quot;none&quot;,&quot;xl&quot;:&quot;none&quot;},&quot;bt_bb_bottom_spacing_&quot;:{&quot;current_class&quot;:&quot;bt_bb_bottom_spacing_small&quot;,&quot;xxl&quot;:&quot;small&quot;,&quot;xl&quot;:&quot;small&quot;}}\"><\/div><div class=\"bt_bb_contact_form_7\">\n<div class=\"wpcf7 no-js\" id=\"wpcf7-f3281-o1\" lang=\"en-CA\" dir=\"ltr\">\n<div class=\"screen-reader-response\"><p role=\"status\" aria-live=\"polite\" aria-atomic=\"true\"><\/p> <ul><\/ul><\/div>\n<form action=\"\/en\/wp-json\/wp\/v2\/pages\/3282#wpcf7-f3281-o1\" method=\"post\" class=\"wpcf7-form init\" aria-label=\"Contact form\" novalidate=\"novalidate\" data-status=\"init\">\n<div style=\"display: none;\">\n<input type=\"hidden\" name=\"_wpcf7\" value=\"3281\" \/>\n<input type=\"hidden\" name=\"_wpcf7_version\" value=\"5.7.7\" \/>\n<input type=\"hidden\" name=\"_wpcf7_locale\" value=\"en_CA\" \/>\n<input type=\"hidden\" name=\"_wpcf7_unit_tag\" value=\"wpcf7-f3281-o1\" \/>\n<input type=\"hidden\" name=\"_wpcf7_container_post\" value=\"0\" \/>\n<input type=\"hidden\" name=\"_wpcf7_posted_data_hash\" value=\"\" \/>\n<\/div>\n<p>Please complete and submit the form below and we will contact you as soon as possible to confirm the date and time of your appointment.\n<\/p>\n<p>Patient information:\n<\/p>\n<p><span class=\"wpcf7-form-control-wrap\" data-name=\"FirstName\"><input size=\"40\" class=\"wpcf7-form-control wpcf7-text wpcf7-validates-as-required\" aria-required=\"true\" aria-invalid=\"false\" placeholder=\"First Name*\" value=\"\" type=\"text\" name=\"FirstName\" \/><\/span>\n<\/p>\n<p><span class=\"wpcf7-form-control-wrap\" data-name=\"LastName\"><input size=\"40\" class=\"wpcf7-form-control wpcf7-text wpcf7-validates-as-required\" aria-required=\"true\" aria-invalid=\"false\" placeholder=\"Last Name*\" value=\"\" type=\"text\" name=\"LastName\" \/><\/span>\n<\/p>\n<p><span class=\"wpcf7-form-control-wrap\" data-name=\"Dateofbirth\"><input class=\"wpcf7-form-control wpcf7-date wpcf7-validates-as-required wpcf7-validates-as-date\" aria-required=\"true\" aria-invalid=\"false\" placeholder=\"Date of birth*\" value=\"\" type=\"date\" name=\"Dateofbirth\" \/><\/span>\n<\/p>\n<p><span class=\"wpcf7-form-control-wrap\" data-name=\"Nameofparentifapplicable\"><input size=\"40\" class=\"wpcf7-form-control wpcf7-text\" aria-invalid=\"false\" placeholder=\"Name of parent (if applicable)\" value=\"\" type=\"text\" name=\"Nameofparentifapplicable\" \/><\/span>\n<\/p>\n<p><span class=\"wpcf7-form-control-wrap\" data-name=\"Phone\"><input size=\"40\" class=\"wpcf7-form-control wpcf7-text wpcf7-tel wpcf7-validates-as-required wpcf7-validates-as-tel\" aria-required=\"true\" aria-invalid=\"false\" placeholder=\"Telephone*\" value=\"\" type=\"tel\" name=\"Phone\" \/><\/span>\n<\/p>\n<p><span class=\"wpcf7-form-control-wrap\" data-name=\"Email\"><input size=\"40\" class=\"wpcf7-form-control wpcf7-text wpcf7-email wpcf7-validates-as-required wpcf7-validates-as-email\" aria-required=\"true\" aria-invalid=\"false\" placeholder=\"Email*\" value=\"\" type=\"email\" name=\"Email\" \/><\/span>\n<\/p>\n<p>Are you currently a patient of the clinic? <span class=\"wpcf7-form-control-wrap\" data-name=\"Alreadypatient\"><span class=\"wpcf7-form-control wpcf7-checkbox wpcf7-validates-as-required wpcf7-exclusive-checkbox\"><span class=\"wpcf7-list-item first\"><input type=\"checkbox\" name=\"Alreadypatient\" value=\"Yes\" \/><span class=\"wpcf7-list-item-label\">Yes<\/span><\/span><span class=\"wpcf7-list-item last\"><input type=\"checkbox\" name=\"Alreadypatient\" value=\"No\" \/><span class=\"wpcf7-list-item-label\">No<\/span><\/span><\/span><\/span>\n<\/p>\n<p>How did you hear about us?\n<\/p>\n<p><span class=\"wpcf7-form-control-wrap\" data-name=\"Reference\"><select class=\"wpcf7-form-control wpcf7-select\" aria-invalid=\"false\" name=\"Reference\"><option value=\"Dentist\">Dentist<\/option><option value=\"Family or friend\">Family or friend<\/option><option value=\"Website\">Website<\/option><option value=\"Social media\">Social media<\/option><option value=\"Other\">Other<\/option><\/select><\/span>\n<\/p>\n<p>Reason for the consultation and additional information:\n<\/p>\n<p><span class=\"wpcf7-form-control-wrap\" data-name=\"textarea\"><textarea cols=\"40\" rows=\"10\" class=\"wpcf7-form-control wpcf7-textarea\" aria-invalid=\"false\" name=\"textarea\"><\/textarea><\/span>\n<\/p>\n<p><div id=\"cf7sr-69e5547a6aa5f\" class=\"cf7sr-g-hcaptcha\" data-theme=\"light\" data-size=\"normal\" data-sitekey=\"cb0ef2c8-d66c-456e-821e-bc5ebc064088\"><\/div><span class=\"wpcf7-form-control-wrap cf7sr-hcaptcha\" data-name=\"cf7sr-hcaptcha\"><input type=\"hidden\" name=\"cf7sr-hcaptcha\" value=\"\" class=\"wpcf7-form-control\"><\/span>\n<\/p>\n<p><input class=\"wpcf7-form-control has-spinner wpcf7-submit\" id=\"SoumettreSubmit\" type=\"submit\" value=\"Submit\" \/>\n<\/p><div class=\"wpcf7-response-output\" aria-hidden=\"true\"><\/div>\n<\/form>\n<\/div>\n<\/div><div class=\"bt_bb_separator bt_bb_border_style_none bt_bb_top_spacing_none bt_bb_bottom_spacing_normal\" data-bt-override-class=\"{&quot;bt_bb_top_spacing_&quot;:{&quot;current_class&quot;:&quot;bt_bb_top_spacing_none&quot;,&quot;xxl&quot;:&quot;none&quot;,&quot;xl&quot;:&quot;none&quot;},&quot;bt_bb_bottom_spacing_&quot;:{&quot;current_class&quot;:&quot;bt_bb_bottom_spacing_normal&quot;,&quot;xxl&quot;:&quot;normal&quot;,&quot;xl&quot;:&quot;normal&quot;}}\"><\/div><\/div><\/div><\/div><\/div><div class=\"bt_bb_row_wrapper\"><div  class=\"bt_bb_row\"  data-bt-override-class=\"{}\"><div  class=\"bt_bb_column col-xxl-12 col-xl-12 col-xs-12 col-sm-12 col-md-12 col-lg-12 bt_bb_vertical_align_top bt_bb_align_left bt_bb_padding_normal\"  data-width=\"12\" data-bt-override-class=\"{}\"><div class=\"bt_bb_column_content\"><\/div><\/div><\/div><\/div><\/div><!-- cell_inner --><\/div><!-- cell --><\/div><!-- port --><\/section>","protected":false},"excerpt":{"rendered":"","protected":false},"author":1,"featured_media":0,"parent":0,"menu_order":0,"comment_status":"closed","ping_status":"closed","template":"","meta":{"_coblocks_attr":"","_coblocks_dimensions":"","_coblocks_responsive_height":"","_coblocks_accordion_ie_support":"","footnotes":""},"class_list":["post-3282","page","type-page","status-publish","hentry"],"yoast_head":"<!-- This site is optimized with the Yoast SEO plugin v20.9 - https:\/\/yoast.com\/wordpress\/plugins\/seo\/ -->\n<title>Appointment | Orthodontie du Plateau<\/title>\n<meta name=\"robots\" content=\"index, follow, max-snippet:-1, max-image-preview:large, max-video-preview:-1\" \/>\n<link rel=\"canonical\" href=\"https:\/\/orthoduplateau.com\/en\/appointment\/\" \/>\n<meta property=\"og:locale\" content=\"en_US\" \/>\n<meta property=\"og:type\" content=\"article\" \/>\n<meta property=\"og:title\" content=\"Appointment | Orthodontie du Plateau\" \/>\n<meta property=\"og:url\" content=\"https:\/\/orthoduplateau.com\/en\/appointment\/\" \/>\n<meta property=\"og:site_name\" content=\"Orthodontie du Plateau\" \/>\n<meta property=\"article:modified_time\" content=\"2022-09-08T20:03:18+00:00\" \/>\n<meta name=\"twitter:card\" content=\"summary_large_image\" \/>\n<meta name=\"twitter:label1\" content=\"Est. reading time\" \/>\n\t<meta name=\"twitter:data1\" content=\"1 minute\" \/>\n<script type=\"application\/ld+json\" class=\"yoast-schema-graph\">{\"@context\":\"https:\/\/schema.org\",\"@graph\":[{\"@type\":\"WebPage\",\"@id\":\"https:\/\/orthoduplateau.com\/en\/appointment\/\",\"url\":\"https:\/\/orthoduplateau.com\/en\/appointment\/\",\"name\":\"Appointment | Orthodontie du Plateau\",\"isPartOf\":{\"@id\":\"https:\/\/orthoduplateau.com\/#website\"},\"datePublished\":\"2022-08-16T02:11:41+00:00\",\"dateModified\":\"2022-09-08T20:03:18+00:00\",\"breadcrumb\":{\"@id\":\"https:\/\/orthoduplateau.com\/en\/appointment\/#breadcrumb\"},\"inLanguage\":\"en-US\",\"potentialAction\":[{\"@type\":\"ReadAction\",\"target\":[\"https:\/\/orthoduplateau.com\/en\/appointment\/\"]}]},{\"@type\":\"BreadcrumbList\",\"@id\":\"https:\/\/orthoduplateau.com\/en\/appointment\/#breadcrumb\",\"itemListElement\":[{\"@type\":\"ListItem\",\"position\":1,\"name\":\"Home\",\"item\":\"https:\/\/orthoduplateau.com\/en\/\"},{\"@type\":\"ListItem\",\"position\":2,\"name\":\"Appointment\"}]},{\"@type\":\"WebSite\",\"@id\":\"https:\/\/orthoduplateau.com\/#website\",\"url\":\"https:\/\/orthoduplateau.com\/\",\"name\":\"Orthodontie du Plateau\",\"description\":\"Clinique d&#039;Orthodontie situ\u00e9e au c\u0153ur du quartier du Plateau dans la r\u00e9gion de Gatineau et de l&#039;Agora\",\"publisher\":{\"@id\":\"https:\/\/orthoduplateau.com\/#organization\"},\"potentialAction\":[{\"@type\":\"SearchAction\",\"target\":{\"@type\":\"EntryPoint\",\"urlTemplate\":\"https:\/\/orthoduplateau.com\/?s={search_term_string}\"},\"query-input\":\"required name=search_term_string\"}],\"inLanguage\":\"en-US\"},{\"@type\":\"Organization\",\"@id\":\"https:\/\/orthoduplateau.com\/#organization\",\"name\":\"Orthodontie du Plateau\",\"url\":\"https:\/\/orthoduplateau.com\/\",\"logo\":{\"@type\":\"ImageObject\",\"inLanguage\":\"en-US\",\"@id\":\"https:\/\/orthoduplateau.com\/#\/schema\/logo\/image\/\",\"url\":\"https:\/\/orthoduplateau.com\/wp-content\/uploads\/2022\/07\/Orthoduplateau-03-3-01-1.png\",\"contentUrl\":\"https:\/\/orthoduplateau.com\/wp-content\/uploads\/2022\/07\/Orthoduplateau-03-3-01-1.png\",\"width\":4664,\"height\":1946,\"caption\":\"Orthodontie du Plateau\"},\"image\":{\"@id\":\"https:\/\/orthoduplateau.com\/#\/schema\/logo\/image\/\"}}]}<\/script>\n<!-- \/ Yoast SEO plugin. -->","yoast_head_json":{"title":"Appointment | Orthodontie du Plateau","robots":{"index":"index","follow":"follow","max-snippet":"max-snippet:-1","max-image-preview":"max-image-preview:large","max-video-preview":"max-video-preview:-1"},"canonical":"https:\/\/orthoduplateau.com\/en\/appointment\/","og_locale":"en_US","og_type":"article","og_title":"Appointment | Orthodontie du Plateau","og_url":"https:\/\/orthoduplateau.com\/en\/appointment\/","og_site_name":"Orthodontie du Plateau","article_modified_time":"2022-09-08T20:03:18+00:00","twitter_card":"summary_large_image","twitter_misc":{"Est. reading time":"1 minute"},"schema":{"@context":"https:\/\/schema.org","@graph":[{"@type":"WebPage","@id":"https:\/\/orthoduplateau.com\/en\/appointment\/","url":"https:\/\/orthoduplateau.com\/en\/appointment\/","name":"Appointment | Orthodontie du Plateau","isPartOf":{"@id":"https:\/\/orthoduplateau.com\/#website"},"datePublished":"2022-08-16T02:11:41+00:00","dateModified":"2022-09-08T20:03:18+00:00","breadcrumb":{"@id":"https:\/\/orthoduplateau.com\/en\/appointment\/#breadcrumb"},"inLanguage":"en-US","potentialAction":[{"@type":"ReadAction","target":["https:\/\/orthoduplateau.com\/en\/appointment\/"]}]},{"@type":"BreadcrumbList","@id":"https:\/\/orthoduplateau.com\/en\/appointment\/#breadcrumb","itemListElement":[{"@type":"ListItem","position":1,"name":"Home","item":"https:\/\/orthoduplateau.com\/en\/"},{"@type":"ListItem","position":2,"name":"Appointment"}]},{"@type":"WebSite","@id":"https:\/\/orthoduplateau.com\/#website","url":"https:\/\/orthoduplateau.com\/","name":"Orthodontie du Plateau","description":"Clinique d&#039;Orthodontie situ\u00e9e au c\u0153ur du quartier du Plateau dans la r\u00e9gion de Gatineau et de l&#039;Agora","publisher":{"@id":"https:\/\/orthoduplateau.com\/#organization"},"potentialAction":[{"@type":"SearchAction","target":{"@type":"EntryPoint","urlTemplate":"https:\/\/orthoduplateau.com\/?s={search_term_string}"},"query-input":"required name=search_term_string"}],"inLanguage":"en-US"},{"@type":"Organization","@id":"https:\/\/orthoduplateau.com\/#organization","name":"Orthodontie du Plateau","url":"https:\/\/orthoduplateau.com\/","logo":{"@type":"ImageObject","inLanguage":"en-US","@id":"https:\/\/orthoduplateau.com\/#\/schema\/logo\/image\/","url":"https:\/\/orthoduplateau.com\/wp-content\/uploads\/2022\/07\/Orthoduplateau-03-3-01-1.png","contentUrl":"https:\/\/orthoduplateau.com\/wp-content\/uploads\/2022\/07\/Orthoduplateau-03-3-01-1.png","width":4664,"height":1946,"caption":"Orthodontie du Plateau"},"image":{"@id":"https:\/\/orthoduplateau.com\/#\/schema\/logo\/image\/"}}]}},"_links":{"self":[{"href":"https:\/\/orthoduplateau.com\/en\/wp-json\/wp\/v2\/pages\/3282","targetHints":{"allow":["GET"]}}],"collection":[{"href":"https:\/\/orthoduplateau.com\/en\/wp-json\/wp\/v2\/pages"}],"about":[{"href":"https:\/\/orthoduplateau.com\/en\/wp-json\/wp\/v2\/types\/page"}],"author":[{"embeddable":true,"href":"https:\/\/orthoduplateau.com\/en\/wp-json\/wp\/v2\/users\/1"}],"replies":[{"embeddable":true,"href":"https:\/\/orthoduplateau.com\/en\/wp-json\/wp\/v2\/comments?post=3282"}],"version-history":[{"count":18,"href":"https:\/\/orthoduplateau.com\/en\/wp-json\/wp\/v2\/pages\/3282\/revisions"}],"predecessor-version":[{"id":3305,"href":"https:\/\/orthoduplateau.com\/en\/wp-json\/wp\/v2\/pages\/3282\/revisions\/3305"}],"wp:attachment":[{"href":"https:\/\/orthoduplateau.com\/en\/wp-json\/wp\/v2\/media?parent=3282"}],"curies":[{"name":"wp","href":"https:\/\/api.w.org\/{rel}","templated":true}]}}