{"id":3477,"date":"2023-12-01T05:49:47","date_gmt":"2023-12-01T05:49:47","guid":{"rendered":"https:\/\/orthoduplateau.com\/?page_id=3477"},"modified":"2023-12-02T01:27:47","modified_gmt":"2023-12-02T01:27:47","slug":"privacy-policy","status":"publish","type":"page","link":"https:\/\/orthoduplateau.com\/en\/privacy-policy\/","title":{"rendered":"Privacy Policy"},"content":{"rendered":"<section id=\"bt_bb_section69e5626173212\" class=\"bt_bb_section bt_bb_layout_boxed_1200\"  data-bt-override-class=\"null\"><div class=\"bt_bb_port\"><div class=\"bt_bb_cell\"><div class=\"bt_bb_cell_inner\"><div class=\"bt_bb_row_wrapper\"><div  class=\"bt_bb_row\"  data-bt-override-class=\"{}\"><div  class=\"bt_bb_column col-xxl-12 col-xl-12 col-xs-12 col-sm-12 col-md-12 col-lg-12 bt_bb_vertical_align_top bt_bb_align_left bt_bb_padding_normal\"  data-width=\"12\" data-bt-override-class=\"{}\"><div class=\"bt_bb_column_content\"><div class=\"bt_bb_separator bt_bb_border_style_none bt_bb_top_spacing_none bt_bb_bottom_spacing_medium\" data-bt-override-class=\"{&quot;bt_bb_top_spacing_&quot;:{&quot;current_class&quot;:&quot;bt_bb_top_spacing_none&quot;,&quot;xxl&quot;:&quot;none&quot;,&quot;xl&quot;:&quot;none&quot;},&quot;bt_bb_bottom_spacing_&quot;:{&quot;current_class&quot;:&quot;bt_bb_bottom_spacing_medium&quot;,&quot;xxl&quot;:&quot;medium&quot;,&quot;xl&quot;:&quot;medium&quot;}}\"><\/div><header data-bb-version=\"4.5.6\" class=\"bt_bb_headline bt_bb_subheadline_text_transform_default bt_bb_dash_none bt_bb_size_inherit bt_bb_align_inherit bt_bb_dash_type_none\" style=\";color:rgb(122,191,179);border-color:rgb(122,191,179);\" data-bt-override-class=\"{&quot;bt_bb_size_&quot;:{&quot;current_class&quot;:&quot;bt_bb_size_inherit&quot;,&quot;xxl&quot;:&quot;inherit&quot;},&quot;bt_bb_align_&quot;:{&quot;current_class&quot;:&quot;bt_bb_align_inherit&quot;,&quot;xxl&quot;:&quot;inherit&quot;}}\"><h1 class=\"bt_bb_headline_tag\"><span class=\"bt_bb_headline_content\"><span>Privacy Policy<\/span><\/span><\/h1><\/header><div class=\"bt_bb_separator bt_bb_border_style_none bt_bb_top_spacing_none bt_bb_bottom_spacing_small\" data-bt-override-class=\"{&quot;bt_bb_top_spacing_&quot;:{&quot;current_class&quot;:&quot;bt_bb_top_spacing_none&quot;,&quot;xxl&quot;:&quot;none&quot;,&quot;xl&quot;:&quot;none&quot;},&quot;bt_bb_bottom_spacing_&quot;:{&quot;current_class&quot;:&quot;bt_bb_bottom_spacing_small&quot;,&quot;xxl&quot;:&quot;small&quot;,&quot;xl&quot;:&quot;small&quot;}}\"><\/div><div  class=\"bt_bb_text\" style=\"font-size: 18px\"><p><strong>Introduction<br \/>\n<\/strong><br \/>\nAt Plateau Orthodontics Inc., we are committed to protecting the privacy and security of our patients\u2019 personal information. This Privacy Policy explains how we collect, share, use, and protect your personal information in accordance with applicable laws and regulations\u00b9.<\/p>\n<p><strong>Information we collect<br \/>\n<\/strong><br \/>\nWe collect personal information from our patients to provide orthodontic services. This information may include, but is not limited to:<br \/>\n\u2022 Contact information, such as your name, mailing address, email address and telephone number;<br \/>\n\u2022 Demographic information, such as your age and gender;<br \/>\n\u2022 Health information, such as your medical history, current medications, and allergies; and<br \/>\n\u2022 Payment information, such as your credit card number or banking information.<\/p>\n<p><strong>How we use your information<\/strong><\/p>\n<p>We use your personal information to provide you with dental and orthodontic care, including:<br \/>\n\u2022 Facilitating the booking of appointments;<br \/>\n\u2022 Performing orthodontic examinations and treatments;<br \/>\n\u2022 Maintaining and updating dental records;<br \/>\n\u2022 Managing patient accounts;<br \/>\n\u2022 Contacting patients with reminders and follow-up information; and<br \/>\n\u2022 Processing payments.<\/p>\n<p>We may also use your information to improve our orthodontic services and to comply with legal and regulatory requirements.<\/p>\n<p>We only collect personal information that is necessary for the purposes identified in this policy. Personal information is not used or disclosed for purposes other than those for which it was collected, except with the consent of the individual to whom it relates or as required by law. Personal information is retained only as long as necessary for the fulfillment of these purposes.<\/p>\n<p><strong>Information collected voluntarily<br \/>\n<\/strong><br \/>\nPersonal information will be collected through online forms, in-person and telephone interviews, and email or telephone communication with the staff of the Plateau Orthodontics Inc.<\/p>\n<p><strong>Information collected automatically<br \/>\n<\/strong><br \/>\nWhen you connect to our website, certain personal information is exchanged between your computer and our server. This exchange is necessary so that the data contained on our website can be properly communicated to the computer equipment you use. This personal information is kept by Plateau Orthodontics Inc. only for technical and statistical purposes related to the performance of our website.<br \/>\nThe information collected is as follows:<br \/>\n\u2022 the domain name of your Internet service provider;<br \/>\n\u2022 your IP address;<br \/>\n\u2022 your browser (Explorer, Firefox, etc.);<br \/>\n\u2022 your operating system (Windows, Mac OS, etc.);<br \/>\n\u2022 the date and time of your visit;<br \/>\n\u2022 Websites visited.<\/p>\n<p><strong>Cookies<br \/>\n<\/strong><br \/>\nPlateau Orthodontics Inc. does not store any cookies on a permanent basis. Only a temporary cookie is used during your visit to our website in order to improve the performance of certain features present on our website. Please note that you have the option to disable your cookies through your web browser. However, this may have the effect of restricting certain functionalities of our website.<\/p>\n<p><strong>Information sharing<br \/>\n<\/strong><br \/>\nPlateau Orthodontics Inc. will not give, sell, exchange or rent your personal information to third parties. We will only share information with your consent or when required by law. We will not share your personal information with third parties unless it is necessary for the provision of orthodontic services, such as with dental laboratories for the creation of dental and orthodontic appliances, or with other health care specialists to provide you with adequate and specialized dental care.<\/p>\n<p><strong>Location of your information<br \/>\n<\/strong><br \/>\nPersonal information is generally stored or processed in facilities located in Quebec. Some of this data may be processed by third parties outside of Quebec. If this is the case, we take reasonable measures to ensure the protection of your data with the third parties in question.<\/p>\n<p><strong>Information security<\/strong><\/p>\n<p>We take reasonable steps to protect your personal information from unauthorized access, use or disclosure. Despite this, no security mechanism can guarantee perfect protection and there will always be some residual risk.<\/p>\n<p>Orthodontie du Plateau inc. uses secure electronic records systems, effective identity and access management, and physical safeguards to protect your information, all in accordance with applicable laws and regulations. Our servers are also equipped with several firewalls, which are regularly monitored by a specialized IT company, which help protect your personal information.<\/p>\n<p>Additionally, every member of Plateau Orthodontics Inc.\u2019s staff has signed a confidentiality agreement.<\/p>\n<p><strong>Your rights<br \/>\n<\/strong><br \/>\nYou have the right to access, modify or delete your personal information. You may withdraw your consent to the collection and use of your personal information at any time. However, it is important to note that this may prevent us from providing you with adequate orthodontic services.<\/p>\n<p>If you wish to exercise these rights, please contact us by telephone at 819-595-4555 or by email at info@orthoduplateau.com.<\/p>\n<p><strong>Changes to our Privacy Policy<br \/>\n<\/strong><br \/>\nWe reserve the right to modify this Privacy Policy at any time to maintain compliance with applicable laws and regulations and to reflect any changes to our process for collecting personal information.<\/p>\n<p>If we make material changes to the Policy, we will notify you by posting a notice or a new version of the Policy on our website.<\/p>\n<p><strong>Privacy Policy Officer<br \/>\n<\/strong><br \/>\nPlease contact Dr. Roland El-Khoury, our Privacy Officer, at info@orthoduplateau.com or at 819-595-4555 for any questions regarding the Privacy Policy.\u00b2<\/p>\n<p><strong>Effective Date: September 21, 2023<\/strong><br \/>\n<strong>Last updated: November 30, 2023<\/strong><\/p>\n<p>\u00b9An Act to modernize legislative provisions as regards the protection of personal information, SQ 2021, c<br \/>\n25 (Law 25); Act respecting the protection of personal information in the private sector, SQ 2001, c 73<br \/>\n(ARPPIPS).<strong><br \/>\n<\/strong>\u00b2Sec. 124, Law 25; sec. 32, ARPPIPS.<\/p>\n<\/div><div class=\"bt_bb_separator bt_bb_border_style_none bt_bb_top_spacing_none bt_bb_bottom_spacing_small\" data-bt-override-class=\"{&quot;bt_bb_top_spacing_&quot;:{&quot;current_class&quot;:&quot;bt_bb_top_spacing_none&quot;,&quot;xxl&quot;:&quot;none&quot;,&quot;xl&quot;:&quot;none&quot;},&quot;bt_bb_bottom_spacing_&quot;:{&quot;current_class&quot;:&quot;bt_bb_bottom_spacing_small&quot;,&quot;xxl&quot;:&quot;small&quot;,&quot;xl&quot;:&quot;small&quot;}}\"><\/div><div class=\"bt_bb_separator bt_bb_border_style_none bt_bb_top_spacing_none bt_bb_bottom_spacing_small\" data-bt-override-class=\"{&quot;bt_bb_top_spacing_&quot;:{&quot;current_class&quot;:&quot;bt_bb_top_spacing_none&quot;,&quot;xxl&quot;:&quot;none&quot;,&quot;xl&quot;:&quot;none&quot;},&quot;bt_bb_bottom_spacing_&quot;:{&quot;current_class&quot;:&quot;bt_bb_bottom_spacing_small&quot;,&quot;xxl&quot;:&quot;small&quot;,&quot;xl&quot;:&quot;small&quot;}}\"><\/div><div class=\"bt_bb_separator bt_bb_border_style_none bt_bb_top_spacing_none bt_bb_bottom_spacing_small\" data-bt-override-class=\"{&quot;bt_bb_top_spacing_&quot;:{&quot;current_class&quot;:&quot;bt_bb_top_spacing_none&quot;,&quot;xxl&quot;:&quot;none&quot;,&quot;xl&quot;:&quot;none&quot;},&quot;bt_bb_bottom_spacing_&quot;:{&quot;current_class&quot;:&quot;bt_bb_bottom_spacing_small&quot;,&quot;xxl&quot;:&quot;small&quot;,&quot;xl&quot;:&quot;small&quot;}}\"><\/div><div class=\"bt_bb_separator bt_bb_border_style_none bt_bb_top_spacing_none bt_bb_bottom_spacing_small\" data-bt-override-class=\"{&quot;bt_bb_top_spacing_&quot;:{&quot;current_class&quot;:&quot;bt_bb_top_spacing_none&quot;,&quot;xxl&quot;:&quot;none&quot;,&quot;xl&quot;:&quot;none&quot;},&quot;bt_bb_bottom_spacing_&quot;:{&quot;current_class&quot;:&quot;bt_bb_bottom_spacing_small&quot;,&quot;xxl&quot;:&quot;small&quot;,&quot;xl&quot;:&quot;small&quot;}}\"><\/div><div class=\"bt_bb_separator bt_bb_border_style_none bt_bb_top_spacing_none bt_bb_bottom_spacing_small\" data-bt-override-class=\"{&quot;bt_bb_top_spacing_&quot;:{&quot;current_class&quot;:&quot;bt_bb_top_spacing_none&quot;,&quot;xxl&quot;:&quot;none&quot;,&quot;xl&quot;:&quot;none&quot;},&quot;bt_bb_bottom_spacing_&quot;:{&quot;current_class&quot;:&quot;bt_bb_bottom_spacing_small&quot;,&quot;xxl&quot;:&quot;small&quot;,&quot;xl&quot;:&quot;small&quot;}}\"><\/div><\/div><\/div><\/div><\/div><\/div><!-- cell_inner --><\/div><!-- cell --><\/div><!-- port --><\/section>","protected":false},"excerpt":{"rendered":"","protected":false},"author":1,"featured_media":0,"parent":0,"menu_order":0,"comment_status":"closed","ping_status":"closed","template":"","meta":{"_coblocks_attr":"","_coblocks_dimensions":"","_coblocks_responsive_height":"","_coblocks_accordion_ie_support":"","footnotes":""},"class_list":["post-3477","page","type-page","status-publish","hentry"],"yoast_head":"<!-- This site is optimized with the Yoast SEO plugin v20.9 - https:\/\/yoast.com\/wordpress\/plugins\/seo\/ -->\n<title>Privacy Policy | Orthodontie du Plateau<\/title>\n<meta name=\"robots\" content=\"index, follow, max-snippet:-1, max-image-preview:large, max-video-preview:-1\" \/>\n<link rel=\"canonical\" href=\"https:\/\/orthoduplateau.com\/en\/privacy-policy\/\" \/>\n<meta property=\"og:locale\" content=\"en_US\" \/>\n<meta property=\"og:type\" content=\"article\" \/>\n<meta property=\"og:title\" content=\"Privacy Policy | Orthodontie du Plateau\" \/>\n<meta property=\"og:url\" content=\"https:\/\/orthoduplateau.com\/en\/privacy-policy\/\" \/>\n<meta property=\"og:site_name\" content=\"Orthodontie du Plateau\" \/>\n<meta property=\"article:modified_time\" content=\"2023-12-02T01:27:47+00:00\" \/>\n<meta name=\"twitter:card\" content=\"summary_large_image\" \/>\n<meta name=\"twitter:label1\" content=\"Est. reading time\" \/>\n\t<meta name=\"twitter:data1\" content=\"6 minutes\" \/>\n<script type=\"application\/ld+json\" class=\"yoast-schema-graph\">{\"@context\":\"https:\/\/schema.org\",\"@graph\":[{\"@type\":\"WebPage\",\"@id\":\"https:\/\/orthoduplateau.com\/en\/privacy-policy\/\",\"url\":\"https:\/\/orthoduplateau.com\/en\/privacy-policy\/\",\"name\":\"Privacy Policy | Orthodontie du Plateau\",\"isPartOf\":{\"@id\":\"https:\/\/orthoduplateau.com\/#website\"},\"datePublished\":\"2023-12-01T05:49:47+00:00\",\"dateModified\":\"2023-12-02T01:27:47+00:00\",\"breadcrumb\":{\"@id\":\"https:\/\/orthoduplateau.com\/en\/privacy-policy\/#breadcrumb\"},\"inLanguage\":\"en-US\",\"potentialAction\":[{\"@type\":\"ReadAction\",\"target\":[\"https:\/\/orthoduplateau.com\/en\/privacy-policy\/\"]}]},{\"@type\":\"BreadcrumbList\",\"@id\":\"https:\/\/orthoduplateau.com\/en\/privacy-policy\/#breadcrumb\",\"itemListElement\":[{\"@type\":\"ListItem\",\"position\":1,\"name\":\"Home\",\"item\":\"https:\/\/orthoduplateau.com\/en\/\"},{\"@type\":\"ListItem\",\"position\":2,\"name\":\"Privacy Policy\"}]},{\"@type\":\"WebSite\",\"@id\":\"https:\/\/orthoduplateau.com\/#website\",\"url\":\"https:\/\/orthoduplateau.com\/\",\"name\":\"Orthodontie du Plateau\",\"description\":\"Clinique d&#039;Orthodontie situ\u00e9e au c\u0153ur du quartier du Plateau dans la r\u00e9gion de Gatineau et de l&#039;Agora\",\"publisher\":{\"@id\":\"https:\/\/orthoduplateau.com\/#organization\"},\"potentialAction\":[{\"@type\":\"SearchAction\",\"target\":{\"@type\":\"EntryPoint\",\"urlTemplate\":\"https:\/\/orthoduplateau.com\/?s={search_term_string}\"},\"query-input\":\"required name=search_term_string\"}],\"inLanguage\":\"en-US\"},{\"@type\":\"Organization\",\"@id\":\"https:\/\/orthoduplateau.com\/#organization\",\"name\":\"Orthodontie du Plateau\",\"url\":\"https:\/\/orthoduplateau.com\/\",\"logo\":{\"@type\":\"ImageObject\",\"inLanguage\":\"en-US\",\"@id\":\"https:\/\/orthoduplateau.com\/#\/schema\/logo\/image\/\",\"url\":\"https:\/\/orthoduplateau.com\/wp-content\/uploads\/2022\/07\/Orthoduplateau-03-3-01-1.png\",\"contentUrl\":\"https:\/\/orthoduplateau.com\/wp-content\/uploads\/2022\/07\/Orthoduplateau-03-3-01-1.png\",\"width\":4664,\"height\":1946,\"caption\":\"Orthodontie du Plateau\"},\"image\":{\"@id\":\"https:\/\/orthoduplateau.com\/#\/schema\/logo\/image\/\"}}]}<\/script>\n<!-- \/ Yoast SEO plugin. -->","yoast_head_json":{"title":"Privacy Policy | Orthodontie du Plateau","robots":{"index":"index","follow":"follow","max-snippet":"max-snippet:-1","max-image-preview":"max-image-preview:large","max-video-preview":"max-video-preview:-1"},"canonical":"https:\/\/orthoduplateau.com\/en\/privacy-policy\/","og_locale":"en_US","og_type":"article","og_title":"Privacy Policy | Orthodontie du Plateau","og_url":"https:\/\/orthoduplateau.com\/en\/privacy-policy\/","og_site_name":"Orthodontie du Plateau","article_modified_time":"2023-12-02T01:27:47+00:00","twitter_card":"summary_large_image","twitter_misc":{"Est. reading time":"6 minutes"},"schema":{"@context":"https:\/\/schema.org","@graph":[{"@type":"WebPage","@id":"https:\/\/orthoduplateau.com\/en\/privacy-policy\/","url":"https:\/\/orthoduplateau.com\/en\/privacy-policy\/","name":"Privacy Policy | Orthodontie du Plateau","isPartOf":{"@id":"https:\/\/orthoduplateau.com\/#website"},"datePublished":"2023-12-01T05:49:47+00:00","dateModified":"2023-12-02T01:27:47+00:00","breadcrumb":{"@id":"https:\/\/orthoduplateau.com\/en\/privacy-policy\/#breadcrumb"},"inLanguage":"en-US","potentialAction":[{"@type":"ReadAction","target":["https:\/\/orthoduplateau.com\/en\/privacy-policy\/"]}]},{"@type":"BreadcrumbList","@id":"https:\/\/orthoduplateau.com\/en\/privacy-policy\/#breadcrumb","itemListElement":[{"@type":"ListItem","position":1,"name":"Home","item":"https:\/\/orthoduplateau.com\/en\/"},{"@type":"ListItem","position":2,"name":"Privacy Policy"}]},{"@type":"WebSite","@id":"https:\/\/orthoduplateau.com\/#website","url":"https:\/\/orthoduplateau.com\/","name":"Orthodontie du Plateau","description":"Clinique d&#039;Orthodontie situ\u00e9e au c\u0153ur du quartier du Plateau dans la r\u00e9gion de Gatineau et de l&#039;Agora","publisher":{"@id":"https:\/\/orthoduplateau.com\/#organization"},"potentialAction":[{"@type":"SearchAction","target":{"@type":"EntryPoint","urlTemplate":"https:\/\/orthoduplateau.com\/?s={search_term_string}"},"query-input":"required name=search_term_string"}],"inLanguage":"en-US"},{"@type":"Organization","@id":"https:\/\/orthoduplateau.com\/#organization","name":"Orthodontie du Plateau","url":"https:\/\/orthoduplateau.com\/","logo":{"@type":"ImageObject","inLanguage":"en-US","@id":"https:\/\/orthoduplateau.com\/#\/schema\/logo\/image\/","url":"https:\/\/orthoduplateau.com\/wp-content\/uploads\/2022\/07\/Orthoduplateau-03-3-01-1.png","contentUrl":"https:\/\/orthoduplateau.com\/wp-content\/uploads\/2022\/07\/Orthoduplateau-03-3-01-1.png","width":4664,"height":1946,"caption":"Orthodontie du Plateau"},"image":{"@id":"https:\/\/orthoduplateau.com\/#\/schema\/logo\/image\/"}}]}},"_links":{"self":[{"href":"https:\/\/orthoduplateau.com\/en\/wp-json\/wp\/v2\/pages\/3477","targetHints":{"allow":["GET"]}}],"collection":[{"href":"https:\/\/orthoduplateau.com\/en\/wp-json\/wp\/v2\/pages"}],"about":[{"href":"https:\/\/orthoduplateau.com\/en\/wp-json\/wp\/v2\/types\/page"}],"author":[{"embeddable":true,"href":"https:\/\/orthoduplateau.com\/en\/wp-json\/wp\/v2\/users\/1"}],"replies":[{"embeddable":true,"href":"https:\/\/orthoduplateau.com\/en\/wp-json\/wp\/v2\/comments?post=3477"}],"version-history":[{"count":2,"href":"https:\/\/orthoduplateau.com\/en\/wp-json\/wp\/v2\/pages\/3477\/revisions"}],"predecessor-version":[{"id":3485,"href":"https:\/\/orthoduplateau.com\/en\/wp-json\/wp\/v2\/pages\/3477\/revisions\/3485"}],"wp:attachment":[{"href":"https:\/\/orthoduplateau.com\/en\/wp-json\/wp\/v2\/media?parent=3477"}],"curies":[{"name":"wp","href":"https:\/\/api.w.org\/{rel}","templated":true}]}}